{"id":2060,"date":"2025-06-09T13:12:42","date_gmt":"2025-06-09T13:12:42","guid":{"rendered":"https:\/\/nandis.cl\/?page_id=2060"},"modified":"2025-06-24T16:00:32","modified_gmt":"2025-06-24T16:00:32","slug":"caminata-ancestral-half","status":"publish","type":"page","link":"https:\/\/nandis.cl\/en\/caminata-ancestral-half\/","title":{"rendered":"Acensters Hike Half"},"content":{"rendered":"<div data-elementor-type=\"wp-page\" data-elementor-id=\"2060\" class=\"elementor elementor-2060\">\n\t\t\t\t<div class=\"elementor-element elementor-element-3871502 e-flex e-con-boxed e-con e-parent\" data-id=\"3871502\" data-element_type=\"container\" data-e-type=\"container\">\n\t\t\t\t\t<div class=\"e-con-inner\">\n\t\t\t\t<div class=\"elementor-element elementor-element-f0c3e6a elementor-widget elementor-widget-heading\" data-id=\"f0c3e6a\" data-element_type=\"widget\" data-e-type=\"widget\" data-widget_type=\"heading.default\">\n\t\t\t\t<div class=\"elementor-widget-container\">\n\t\t\t\t\t<h2 class=\"elementor-heading-title elementor-size-default\">Echoes of the Ice Age<\/h2>\t\t\t\t<\/div>\n\t\t\t\t<\/div>\n\t\t\t\t\t<\/div>\n\t\t\t\t<\/div>\n\t\t<div class=\"elementor-element elementor-element-72bacd4 e-grid e-con-boxed e-con e-parent\" data-id=\"72bacd4\" data-element_type=\"container\" data-e-type=\"container\">\n\t\t\t\t\t<div class=\"e-con-inner\">\n\t\t\t\t<div class=\"elementor-element elementor-element-9fe7088 elementor-widget elementor-widget-text-editor\" data-id=\"9fe7088\" data-element_type=\"widget\" data-e-type=\"widget\" data-widget_type=\"text-editor.default\">\n\t\t\t\t<div class=\"elementor-widget-container\">\n\t\t\t\t\t\t\t\t\t<p style=\"font-weight: 400;\"><br><\/p><p style=\"font-weight: 400;\"><br><\/p><p style=\"font-weight: 400;\">Travel back to Patagonia's distant past on this immersive hike led by local guides that combines history, geology, and culture. We begin our journey along the Se\u00f1oret Channel in the city of Puerto Natales, where the story of the last ice age, early humans, and megafauna begins. Upon reaching the Milodon Cave Natural Monument, we'll walk among Magellanic fauna and forests toward prehistoric caves, including the iconic Milodon Cave. After an adventurous climb, we'll be amazed by the Devil's Chair natural viewpoint. More than a hike, it's a journey back in time to the origins of the landscape and humanity in Patagonia.<\/p>\t\t\t\t\t\t\t\t<\/div>\n\t\t\t\t<\/div>\n\t\t\t\t<div class=\"elementor-element elementor-element-30141ae elementor-widget elementor-widget-image\" data-id=\"30141ae\" data-element_type=\"widget\" data-e-type=\"widget\" data-widget_type=\"image.default\">\n\t\t\t\t<div class=\"elementor-widget-container\">\n\t\t\t\t\t\t\t\t\t\t\t\t\t\t\t<img fetchpriority=\"high\" decoding=\"async\" width=\"1024\" height=\"768\" src=\"https:\/\/nandis.cl\/wp-content\/uploads\/2025\/06\/19_9_2022-07_58_41-1024x768.jpeg\" class=\"attachment-large size-large wp-image-2161\" alt=\"\" srcset=\"https:\/\/nandis.cl\/wp-content\/uploads\/2025\/06\/19_9_2022-07_58_41-1024x768.jpeg 1024w, https:\/\/nandis.cl\/wp-content\/uploads\/2025\/06\/19_9_2022-07_58_41-300x225.jpeg 300w, https:\/\/nandis.cl\/wp-content\/uploads\/2025\/06\/19_9_2022-07_58_41-768x576.jpeg 768w, https:\/\/nandis.cl\/wp-content\/uploads\/2025\/06\/19_9_2022-07_58_41-1536x1152.jpeg 1536w, https:\/\/nandis.cl\/wp-content\/uploads\/2025\/06\/19_9_2022-07_58_41-2048x1536.jpeg 2048w, https:\/\/nandis.cl\/wp-content\/uploads\/2025\/06\/19_9_2022-07_58_41-16x12.jpeg 16w\" sizes=\"(max-width: 1024px) 100vw, 1024px\" \/>\t\t\t\t\t\t\t\t\t\t\t\t\t\t\t<\/div>\n\t\t\t\t<\/div>\n\t\t\t\t\t<\/div>\n\t\t\t\t<\/div>\n\t\t<div class=\"elementor-element elementor-element-992f99b e-flex e-con-boxed e-con e-parent\" data-id=\"992f99b\" data-element_type=\"container\" data-e-type=\"container\">\n\t\t\t\t\t<div class=\"e-con-inner\">\n\t\t\t\t<div class=\"elementor-element elementor-element-6220812 elementor-widget elementor-widget-image\" data-id=\"6220812\" data-element_type=\"widget\" data-e-type=\"widget\" data-widget_type=\"image.default\">\n\t\t\t\t<div class=\"elementor-widget-container\">\n\t\t\t\t\t\t\t\t\t\t\t\t\t\t\t<img decoding=\"async\" width=\"1024\" height=\"576\" src=\"https:\/\/nandis.cl\/wp-content\/uploads\/2025\/06\/ec2-1024x576.jpg\" class=\"attachment-large size-large wp-image-2083\" alt=\"\" srcset=\"https:\/\/nandis.cl\/wp-content\/uploads\/2025\/06\/ec2-1024x576.jpg 1024w, https:\/\/nandis.cl\/wp-content\/uploads\/2025\/06\/ec2-300x169.jpg 300w, https:\/\/nandis.cl\/wp-content\/uploads\/2025\/06\/ec2-768x432.jpg 768w, https:\/\/nandis.cl\/wp-content\/uploads\/2025\/06\/ec2-1536x864.jpg 1536w, https:\/\/nandis.cl\/wp-content\/uploads\/2025\/06\/ec2-2048x1152.jpg 2048w\" sizes=\"(max-width: 1024px) 100vw, 1024px\" \/>\t\t\t\t\t\t\t\t\t\t\t\t\t\t\t<\/div>\n\t\t\t\t<\/div>\n\t\t\t\t\t<\/div>\n\t\t\t\t<\/div>\n\t\t<div class=\"elementor-element elementor-element-8b70d06 e-flex e-con-boxed e-con e-parent\" data-id=\"8b70d06\" data-element_type=\"container\" data-e-type=\"container\">\n\t\t\t\t\t<div class=\"e-con-inner\">\n\t\t\t\t<div class=\"elementor-element elementor-element-f4f457d elementor-widget elementor-widget-image\" data-id=\"f4f457d\" data-element_type=\"widget\" data-e-type=\"widget\" data-widget_type=\"image.default\">\n\t\t\t\t<div class=\"elementor-widget-container\">\n\t\t\t\t\t\t\t\t\t\t\t\t\t\t\t<img decoding=\"async\" width=\"1024\" height=\"576\" src=\"https:\/\/nandis.cl\/wp-content\/uploads\/2025\/06\/3c3-1024x576.jpg\" class=\"attachment-large size-large wp-image-2084\" alt=\"\" srcset=\"https:\/\/nandis.cl\/wp-content\/uploads\/2025\/06\/3c3-1024x576.jpg 1024w, https:\/\/nandis.cl\/wp-content\/uploads\/2025\/06\/3c3-300x169.jpg 300w, https:\/\/nandis.cl\/wp-content\/uploads\/2025\/06\/3c3-768x432.jpg 768w, https:\/\/nandis.cl\/wp-content\/uploads\/2025\/06\/3c3-1536x864.jpg 1536w, https:\/\/nandis.cl\/wp-content\/uploads\/2025\/06\/3c3-2048x1152.jpg 2048w\" sizes=\"(max-width: 1024px) 100vw, 1024px\" \/>\t\t\t\t\t\t\t\t\t\t\t\t\t\t\t<\/div>\n\t\t\t\t<\/div>\n\t\t\t\t\t<\/div>\n\t\t\t\t<\/div>\n\t\t<div class=\"elementor-element elementor-element-5838b70 e-flex e-con-boxed e-con e-parent\" data-id=\"5838b70\" data-element_type=\"container\" data-e-type=\"container\">\n\t\t\t\t\t<div class=\"e-con-inner\">\n\t\t\t\t<div class=\"elementor-element elementor-element-a8cf007 elementor-widget elementor-widget-image\" data-id=\"a8cf007\" data-element_type=\"widget\" data-e-type=\"widget\" data-widget_type=\"image.default\">\n\t\t\t\t<div class=\"elementor-widget-container\">\n\t\t\t\t\t\t\t\t\t\t\t\t\t\t\t<img loading=\"lazy\" decoding=\"async\" width=\"1024\" height=\"576\" src=\"https:\/\/nandis.cl\/wp-content\/uploads\/2025\/06\/3c4-1024x576.png\" class=\"attachment-large size-large wp-image-2088\" alt=\"\" srcset=\"https:\/\/nandis.cl\/wp-content\/uploads\/2025\/06\/3c4-1024x576.png 1024w, https:\/\/nandis.cl\/wp-content\/uploads\/2025\/06\/3c4-300x169.png 300w, https:\/\/nandis.cl\/wp-content\/uploads\/2025\/06\/3c4-768x432.png 768w, https:\/\/nandis.cl\/wp-content\/uploads\/2025\/06\/3c4-1536x864.png 1536w, https:\/\/nandis.cl\/wp-content\/uploads\/2025\/06\/3c4.png 1920w\" sizes=\"(max-width: 1024px) 100vw, 1024px\" \/>\t\t\t\t\t\t\t\t\t\t\t\t\t\t\t<\/div>\n\t\t\t\t<\/div>\n\t\t\t\t\t<\/div>\n\t\t\t\t<\/div>\n\t\t\t\t<\/div>","protected":false},"excerpt":{"rendered":"<p>Ecos de la Era del Hielo Viaja al pasado remoto de la Patagonia en esta caminata inmersiva liderada por gu\u00edas locales que combinan historia, geolog\u00eda y cultura. Iniciamos viaje junto al canal Se\u00f1oret, en la ciudad de Puerto Natales donde comienza el relato sobre el \u00faltimo per\u00edodo glacial, los primeros humanos y la megafauna. Al [&hellip;]<\/p>","protected":false},"author":1,"featured_media":0,"parent":0,"menu_order":0,"comment_status":"closed","ping_status":"closed","template":"","meta":{"site-sidebar-layout":"no-sidebar","site-content-layout":"page-builder","ast-site-content-layout":"full-width-container","site-content-style":"default","site-sidebar-style":"default","ast-global-header-display":"","ast-banner-title-visibility":"","ast-main-header-display":"","ast-hfb-above-header-display":"","ast-hfb-below-header-display":"","ast-hfb-mobile-header-display":"","site-post-title":"disabled","ast-breadcrumbs-content":"","ast-featured-img":"disabled","footer-sml-layout":"","theme-transparent-header-meta":"","adv-header-id-meta":"","stick-header-meta":"","header-above-stick-meta":"","header-main-stick-meta":"","header-below-stick-meta":"","astra-migrate-meta-layouts":"default","ast-page-background-enabled":"default","ast-page-background-meta":{"desktop":{"background-color":"var(--ast-global-color-4)","background-image":"","background-repeat":"repeat","background-position":"center center","background-size":"auto","background-attachment":"scroll","background-type":"","background-media":"","overlay-type":"","overlay-color":"","overlay-opacity":"","overlay-gradient":""},"tablet":{"background-color":"","background-image":"","background-repeat":"repeat","background-position":"center center","background-size":"auto","background-attachment":"scroll","background-type":"","background-media":"","overlay-type":"","overlay-color":"","overlay-opacity":"","overlay-gradient":""},"mobile":{"background-color":"","background-image":"","background-repeat":"repeat","background-position":"center center","background-size":"auto","background-attachment":"scroll","background-type":"","background-media":"","overlay-type":"","overlay-color":"","overlay-opacity":"","overlay-gradient":""}},"ast-content-background-meta":{"desktop":{"background-color":"var(--ast-global-color-5)","background-image":"","background-repeat":"repeat","background-position":"center center","background-size":"auto","background-attachment":"scroll","background-type":"","background-media":"","overlay-type":"","overlay-color":"","overlay-opacity":"","overlay-gradient":""},"tablet":{"background-color":"var(--ast-global-color-5)","background-image":"","background-repeat":"repeat","background-position":"center center","background-size":"auto","background-attachment":"scroll","background-type":"","background-media":"","overlay-type":"","overlay-color":"","overlay-opacity":"","overlay-gradient":""},"mobile":{"background-color":"var(--ast-global-color-5)","background-image":"","background-repeat":"repeat","background-position":"center center","background-size":"auto","background-attachment":"scroll","background-type":"","background-media":"","overlay-type":"","overlay-color":"","overlay-opacity":"","overlay-gradient":""}},"footnotes":""},"class_list":["post-2060","page","type-page","status-publish","hentry"],"_links":{"self":[{"href":"https:\/\/nandis.cl\/en\/wp-json\/wp\/v2\/pages\/2060","targetHints":{"allow":["GET"]}}],"collection":[{"href":"https:\/\/nandis.cl\/en\/wp-json\/wp\/v2\/pages"}],"about":[{"href":"https:\/\/nandis.cl\/en\/wp-json\/wp\/v2\/types\/page"}],"author":[{"embeddable":true,"href":"https:\/\/nandis.cl\/en\/wp-json\/wp\/v2\/users\/1"}],"replies":[{"embeddable":true,"href":"https:\/\/nandis.cl\/en\/wp-json\/wp\/v2\/comments?post=2060"}],"version-history":[{"count":16,"href":"https:\/\/nandis.cl\/en\/wp-json\/wp\/v2\/pages\/2060\/revisions"}],"predecessor-version":[{"id":2164,"href":"https:\/\/nandis.cl\/en\/wp-json\/wp\/v2\/pages\/2060\/revisions\/2164"}],"wp:attachment":[{"href":"https:\/\/nandis.cl\/en\/wp-json\/wp\/v2\/media?parent=2060"}],"curies":[{"name":"wp","href":"https:\/\/api.w.org\/{rel}","templated":true}]}}