{"id":2,"date":"2025-04-17T16:57:30","date_gmt":"2025-04-17T16:57:30","guid":{"rendered":"https:\/\/nandis.cl\/?page_id=2"},"modified":"2025-06-24T15:39:22","modified_gmt":"2025-06-24T15:39:22","slug":"sample-page","status":"publish","type":"page","link":"https:\/\/nandis.cl\/en\/sample-page\/","title":{"rendered":"Miradores de la Estepa"},"content":{"rendered":"<div data-elementor-type=\"wp-page\" data-elementor-id=\"2\" class=\"elementor elementor-2\">\n\t\t\t\t<div class=\"elementor-element elementor-element-5b88f13 e-flex e-con-boxed e-con e-parent\" data-id=\"5b88f13\" data-element_type=\"container\" data-e-type=\"container\">\n\t\t\t\t\t<div class=\"e-con-inner\">\n\t\t\t\t<div class=\"elementor-element elementor-element-273c524 elementor-widget elementor-widget-heading\" data-id=\"273c524\" data-element_type=\"widget\" data-e-type=\"widget\" data-widget_type=\"heading.default\">\n\t\t\t\t<div class=\"elementor-widget-container\">\n\t\t\t\t\t<h2 class=\"elementor-heading-title elementor-size-default\">Miradores de la Estepa <\/h2>\t\t\t\t<\/div>\n\t\t\t\t<\/div>\n\t\t\t\t\t<\/div>\n\t\t\t\t<\/div>\n\t\t<div class=\"elementor-element elementor-element-38aa44c e-grid e-con-boxed e-con e-parent\" data-id=\"38aa44c\" data-element_type=\"container\" data-e-type=\"container\">\n\t\t\t\t\t<div class=\"e-con-inner\">\n\t\t\t\t<div class=\"elementor-element elementor-element-547845b elementor-widget elementor-widget-image\" data-id=\"547845b\" data-element_type=\"widget\" data-e-type=\"widget\" data-widget_type=\"image.default\">\n\t\t\t\t<div class=\"elementor-widget-container\">\n\t\t\t\t\t\t\t\t\t\t\t\t\t\t\t<img fetchpriority=\"high\" decoding=\"async\" width=\"1024\" height=\"512\" src=\"https:\/\/nandis.cl\/wp-content\/uploads\/2025\/06\/estepa-1024x512.jpg\" class=\"attachment-large size-large wp-image-2144\" alt=\"\" srcset=\"https:\/\/nandis.cl\/wp-content\/uploads\/2025\/06\/estepa-1024x512.jpg 1024w, https:\/\/nandis.cl\/wp-content\/uploads\/2025\/06\/estepa-300x150.jpg 300w, https:\/\/nandis.cl\/wp-content\/uploads\/2025\/06\/estepa-768x384.jpg 768w, https:\/\/nandis.cl\/wp-content\/uploads\/2025\/06\/estepa-1536x768.jpg 1536w, https:\/\/nandis.cl\/wp-content\/uploads\/2025\/06\/estepa-2048x1024.jpg 2048w, https:\/\/nandis.cl\/wp-content\/uploads\/2025\/06\/estepa-18x9.jpg 18w\" sizes=\"(max-width: 1024px) 100vw, 1024px\" \/>\t\t\t\t\t\t\t\t\t\t\t\t\t\t\t<\/div>\n\t\t\t\t<\/div>\n\t\t\t\t<div class=\"elementor-element elementor-element-25c178a elementor-widget elementor-widget-text-editor\" data-id=\"25c178a\" data-element_type=\"widget\" data-e-type=\"widget\" data-widget_type=\"text-editor.default\">\n\t\t\t\t<div class=\"elementor-widget-container\">\n\t\t\t\t\t\t\t\t\t<p style=\"font-weight: 400;\">The hike to the Steppe Viewpoints in Patagonia is a fascinating experience that combines history, nature, and breathtaking landscapes. Your adventure begins at the Sarmiento Entrance, where you'll start a one-hour hike to a rock overhang. This site features rocks paintings that are over 6,000 years old and was frequented by the Aonikenk or Tehuelche people, the area's native inhabitants. Here, you will have the chance to learn about Patagonia\u2019s rich cultural history.\nAfter exploring the site, you\u2019ll descend from the overhang and walk across the Patagonian steppe for about two hours. This stretch allows you to immerse yourself in the open landscape and observe native flora and fauna. At the end of this trail, the driver will be waiting to continue the adventure.\nOnce in the vehicle, you\u2019ll head toward Laguna Azul, where you can enjoy lunch and use restroom facilities. Along the way, you may spot large groups of guanacos as well as other species such as rheas, grey foxes, condors, and black-chested buzzard-eagles, adding a touch of wildlife to the experience.\nAfter recharging, you\u2019ll continue into the park for the final hike. This two-hour trail winds through pre-Andean shrub vegetation, offering spectacular views of the Paine Horns and Almirante Nieto massif.\nUpon reaching the destination, you'll descend to the shore of Lake Sarmiento, where you\u2019ll have the chance to explore incredible calcium carbonate rock formations formed over time. This location is not only photogenic but also a geological highlight that showcases Patagonia\u2019s natural beauty.\nAt the end of the hike, you\u2019ll return to Puerto Natales, concluding a day filled with history, exploration, and stunning landscapes.<\/p><p style=\"font-weight: 400;\">Luego de explorar este sitio, descender\u00e1s del alero y caminar\u00e1s por la estepa patag\u00f3nica durante unas dos horas. Este tramo te permitir\u00e1 sumergirte en el paisaje abierto y observar la flora y fauna aut\u00f3ctona. Al final de este trayecto, llegar\u00e1s a la S, donde un conductor te estar\u00e1 esperando para continuar con la aventura.<\/p><p style=\"font-weight: 400;\">Una vez en el transfer, te dirigir\u00e1s hacia Laguna Azul, donde podr\u00e1s disfrutar de un almuerzo y utilizar el servicio higi\u00e9nico. Durante el trayecto, es posible observar grandes grupos de guanacos, as\u00ed como otras especies como el \u00f1and\u00fa, el zorro gris, el c\u00f3ndor y el \u00e1guila mora, que a\u00f1aden un toque de vida salvaje a la experiencia.<\/p><p style=\"font-weight: 400;\">Despu\u00e9s de recargar energ\u00edas, continuar\u00e1s hacia el parque para realizar la \u00faltima caminata. Este sendero de aproximadamente dos horas transcurre entre vegetaci\u00f3n de matorral preandino, ofreciendo vistas espectaculares de los Cuernos del Paine y el Almirante Nieto.<\/p><p style=\"font-weight: 400;\">Al llegar a tu destino, descender\u00e1s a la costa del Lago Sarmiento, donde tendr\u00e1s la oportunidad de explorar incre\u00edbles formaciones rocosas de carbonato de calcio que se han formado a lo largo del tiempo. Este lugar no solo es fotog\u00e9nico, sino que tambi\u00e9n es un punto de inter\u00e9s geol\u00f3gico que muestra la belleza natural de la Patagonia.<\/p><p style=\"font-weight: 400;\">Al finalizar la caminata, regresar\u00e1s a Puerto Natales, concluyendo un d\u00eda lleno de historia, exploraci\u00f3n y paisajes asombrosos.<\/p>\t\t\t\t\t\t\t\t<\/div>\n\t\t\t\t<\/div>\n\t\t\t\t<div class=\"elementor-element elementor-element-05260df elementor-widget elementor-widget-image\" data-id=\"05260df\" data-element_type=\"widget\" data-e-type=\"widget\" data-widget_type=\"image.default\">\n\t\t\t\t<div class=\"elementor-widget-container\">\n\t\t\t\t\t\t\t\t\t\t\t\t\t\t\t<img decoding=\"async\" width=\"1024\" height=\"683\" src=\"https:\/\/nandis.cl\/wp-content\/uploads\/2025\/06\/pinturas-1024x683.jpeg\" class=\"attachment-large size-large wp-image-2145\" alt=\"\" srcset=\"https:\/\/nandis.cl\/wp-content\/uploads\/2025\/06\/pinturas-1024x683.jpeg 1024w, https:\/\/nandis.cl\/wp-content\/uploads\/2025\/06\/pinturas-300x200.jpeg 300w, https:\/\/nandis.cl\/wp-content\/uploads\/2025\/06\/pinturas-768x512.jpeg 768w, https:\/\/nandis.cl\/wp-content\/uploads\/2025\/06\/pinturas-1536x1024.jpeg 1536w, https:\/\/nandis.cl\/wp-content\/uploads\/2025\/06\/pinturas-2048x1365.jpeg 2048w, https:\/\/nandis.cl\/wp-content\/uploads\/2025\/06\/pinturas-18x12.jpeg 18w\" sizes=\"(max-width: 1024px) 100vw, 1024px\" \/>\t\t\t\t\t\t\t\t\t\t\t\t\t\t\t<\/div>\n\t\t\t\t<\/div>\n\t\t\t\t<div class=\"elementor-element elementor-element-f273823 elementor-widget elementor-widget-image\" data-id=\"f273823\" data-element_type=\"widget\" data-e-type=\"widget\" data-widget_type=\"image.default\">\n\t\t\t\t<div class=\"elementor-widget-container\">\n\t\t\t\t\t\t\t\t\t\t\t\t\t\t\t<img decoding=\"async\" width=\"1024\" height=\"683\" src=\"https:\/\/nandis.cl\/wp-content\/uploads\/2025\/06\/Caminata-aonikenk-poerteria-.jpg-1024x683.jpeg\" class=\"attachment-large size-large wp-image-2146\" alt=\"\" srcset=\"https:\/\/nandis.cl\/wp-content\/uploads\/2025\/06\/Caminata-aonikenk-poerteria-.jpg-1024x683.jpeg 1024w, https:\/\/nandis.cl\/wp-content\/uploads\/2025\/06\/Caminata-aonikenk-poerteria-.jpg-300x200.jpeg 300w, https:\/\/nandis.cl\/wp-content\/uploads\/2025\/06\/Caminata-aonikenk-poerteria-.jpg-768x512.jpeg 768w, https:\/\/nandis.cl\/wp-content\/uploads\/2025\/06\/Caminata-aonikenk-poerteria-.jpg-1536x1024.jpeg 1536w, https:\/\/nandis.cl\/wp-content\/uploads\/2025\/06\/Caminata-aonikenk-poerteria-.jpg-2048x1365.jpeg 2048w, https:\/\/nandis.cl\/wp-content\/uploads\/2025\/06\/Caminata-aonikenk-poerteria-.jpg-18x12.jpeg 18w\" sizes=\"(max-width: 1024px) 100vw, 1024px\" \/>\t\t\t\t\t\t\t\t\t\t\t\t\t\t\t<\/div>\n\t\t\t\t<\/div>\n\t\t\t\t\t<\/div>\n\t\t\t\t<\/div>\n\t\t<div class=\"elementor-element elementor-element-9ce277d e-flex e-con-boxed e-con e-parent\" data-id=\"9ce277d\" data-element_type=\"container\" data-e-type=\"container\">\n\t\t\t\t\t<div class=\"e-con-inner\">\n\t\t\t\t\t<\/div>\n\t\t\t\t<\/div>\n\t\t\t\t<\/div>","protected":false},"excerpt":{"rendered":"<p>Miradores de la Estepa La caminata a los Miradores de la Estepa en la Patagonia es una experiencia fascinante que combina historia, naturaleza y paisajes impresionantes. Comenzar\u00e1s tu aventura en la Porter\u00eda Sarmiento, donde iniciar\u00e1s una caminata de aproximadamente una hora hasta llegar a un alero. Este alero alberga una serie de pinturas rupestres que [&hellip;]<\/p>","protected":false},"author":1,"featured_media":0,"parent":0,"menu_order":0,"comment_status":"closed","ping_status":"open","template":"","meta":{"site-sidebar-layout":"default","site-content-layout":"","ast-site-content-layout":"","site-content-style":"default","site-sidebar-style":"default","ast-global-header-display":"","ast-banner-title-visibility":"","ast-main-header-display":"","ast-hfb-above-header-display":"","ast-hfb-below-header-display":"","ast-hfb-mobile-header-display":"","site-post-title":"","ast-breadcrumbs-content":"","ast-featured-img":"","footer-sml-layout":"","theme-transparent-header-meta":"","adv-header-id-meta":"","stick-header-meta":"","header-above-stick-meta":"","header-main-stick-meta":"","header-below-stick-meta":"","astra-migrate-meta-layouts":"default","ast-page-background-enabled":"default","ast-page-background-meta":{"desktop":{"background-color":"var(--ast-global-color-4)","background-image":"","background-repeat":"repeat","background-position":"center center","background-size":"auto","background-attachment":"scroll","background-type":"","background-media":"","overlay-type":"","overlay-color":"","overlay-opacity":"","overlay-gradient":""},"tablet":{"background-color":"","background-image":"","background-repeat":"repeat","background-position":"center center","background-size":"auto","background-attachment":"scroll","background-type":"","background-media":"","overlay-type":"","overlay-color":"","overlay-opacity":"","overlay-gradient":""},"mobile":{"background-color":"","background-image":"","background-repeat":"repeat","background-position":"center center","background-size":"auto","background-attachment":"scroll","background-type":"","background-media":"","overlay-type":"","overlay-color":"","overlay-opacity":"","overlay-gradient":""}},"ast-content-background-meta":{"desktop":{"background-color":"var(--ast-global-color-5)","background-image":"","background-repeat":"repeat","background-position":"center center","background-size":"auto","background-attachment":"scroll","background-type":"","background-media":"","overlay-type":"","overlay-color":"","overlay-opacity":"","overlay-gradient":""},"tablet":{"background-color":"var(--ast-global-color-5)","background-image":"","background-repeat":"repeat","background-position":"center center","background-size":"auto","background-attachment":"scroll","background-type":"","background-media":"","overlay-type":"","overlay-color":"","overlay-opacity":"","overlay-gradient":""},"mobile":{"background-color":"var(--ast-global-color-5)","background-image":"","background-repeat":"repeat","background-position":"center center","background-size":"auto","background-attachment":"scroll","background-type":"","background-media":"","overlay-type":"","overlay-color":"","overlay-opacity":"","overlay-gradient":""}},"footnotes":""},"class_list":["post-2","page","type-page","status-publish","hentry"],"_links":{"self":[{"href":"https:\/\/nandis.cl\/en\/wp-json\/wp\/v2\/pages\/2","targetHints":{"allow":["GET"]}}],"collection":[{"href":"https:\/\/nandis.cl\/en\/wp-json\/wp\/v2\/pages"}],"about":[{"href":"https:\/\/nandis.cl\/en\/wp-json\/wp\/v2\/types\/page"}],"author":[{"embeddable":true,"href":"https:\/\/nandis.cl\/en\/wp-json\/wp\/v2\/users\/1"}],"replies":[{"embeddable":true,"href":"https:\/\/nandis.cl\/en\/wp-json\/wp\/v2\/comments?post=2"}],"version-history":[{"count":18,"href":"https:\/\/nandis.cl\/en\/wp-json\/wp\/v2\/pages\/2\/revisions"}],"predecessor-version":[{"id":2155,"href":"https:\/\/nandis.cl\/en\/wp-json\/wp\/v2\/pages\/2\/revisions\/2155"}],"wp:attachment":[{"href":"https:\/\/nandis.cl\/en\/wp-json\/wp\/v2\/media?parent=2"}],"curies":[{"name":"wp","href":"https:\/\/api.w.org\/{rel}","templated":true}]}}